{"id":651,"date":"2019-02-27T15:52:34","date_gmt":"2019-02-27T15:52:34","guid":{"rendered":"http:\/\/grundschule-wichern.de\/?page_id=651"},"modified":"2019-02-27T15:52:53","modified_gmt":"2019-02-27T15:52:53","slug":"photovoltaik","status":"publish","type":"page","link":"http:\/\/grundschule-wichern.de\/?page_id=651","title":{"rendered":"Photovoltaik"},"content":{"rendered":"\n<p>Auf dem Dach unserer Schule am Standort Wichern befindet sich eine Photovoltaik-Anlage.<\/p>\n\n\n\n<p><strong>Was ist das \u00fcberhaupt?&nbsp;<br><\/strong>Photovoltaik (PV) ist die wohl umweltfreundlichste Art, Energie zu erzeugen. Das Wort Photovoltaik ist eine Zusammensetzung aus dem griechischen Wort&nbsp;<em>Photos<\/em>&nbsp;f\u00fcr Licht und dem Namen des Physikers Alessandro&nbsp;<em>Volta<\/em>. Photovoltaik bezeichnet die direkte Umwandlung von Sonnenenergie in elektrische Energie mittels Solarzellen. Durch die Absorption (= Aufnahme) von Licht in einem Halbleiter (= fester Stoff, der eine elektrische Leitf\u00e4higkeit besitzt) wird unter bestimmten Voraussetzungen eine elektrische Spannung aufgebaut. Die Solarzellen bestehen zu 97% aus Silizium, neben Sauerstoff das zweith\u00e4ufigste Element der Erdrinde. Wenn Sonnenlicht auf die Solarzellen strahlt, baut sich zwischen ihrer Ober- und Unterseite Gleichspannung auf. Diese Energie kann in Solarakkumulatoren (= Batterien) gespeichert, mit einem Wechselrichter in Wechselstrom (= Strom aus der Steckdose) umgewandelt oder direkt genutzt werden. Eine Photovoltaikanlage mit 1 Kilowatt Leistung schenkt uns 800 kWh Strom im Jahr. (Quelle: energetica-pv.com \/ teilweise Begriffserkl\u00e4rungen erg\u00e4nzt) Durch die Nutzung der Sonnenstrahlung ist diese Energiegewinnung sehr umwelt- und klimafreundlich.<\/p>\n\n\n\n<p><strong>Seit wann gibt es die Anlage an unserer Schule?<br><\/strong>Die Anlage wurde zum Jahreswechsel 2008\/2009 auf dem Dach unseres Schulgeb\u00e4udes installiert &#8211; ein Teil wurde von einem privaten Investor, der andere Teil von unserem Schulverein finanziert.<\/p>\n\n\n\n<p><strong>Welchen Nutzen hat die Anlage f\u00fcr unsere Schule?<br><\/strong>Der mit der Photovoltaik-Anlage erzeugte Strom wird in das Stromnetz des \u00f6rtlichen Stromanbieters eingespeist, der daf\u00fcr Geld bezahlt, weil er ja den Strom wieder weiterverkaufen kann. Je nachdem, wie intensiv die Sonne im Jahr scheint, wird eine bestimmte Menge Strom erzeugt und somit eine bestimmte Geldsumme verg\u00fctet, die der private Investor und nat\u00fcrlich unser Schulverein anteilm\u00e4\u00dfig bekommen.<\/p>\n\n\n\n<p><strong>Wieviel Strom erzeugt die Anlage?&nbsp;<br><\/strong>Der Anteil des Schulvereins betr\u00e4gt:<br>2009&nbsp;&#8211; 1.584 kWh&nbsp;&nbsp;&nbsp; &nbsp;<br>2010&nbsp;&#8211; 1.936 kWh&nbsp;&nbsp; &nbsp;&nbsp;<br>2011&nbsp;&#8211; 1.900 kWh&nbsp;&nbsp; &nbsp;<br>2012 &#8211; 1.779 kWh<br>2013 &#8211; 1.706 kWh<br>2014 &#8211; 1.785 kWh<br>2015 &#8211; 1.871 kWh<br>2016 &#8211; 1.786 kWh<br>2017 &#8211; 1.677 kWh<br><\/p>\n","protected":false},"excerpt":{"rendered":"<p>Auf dem Dach unserer Schule am Standort Wichern befindet sich eine Photovoltaik-Anlage. Was ist das \u00fcberhaupt?&nbsp;Photovoltaik (PV) ist die wohl umweltfreundlichste Art, Energie zu erzeugen. Das Wort Photovoltaik ist eine Zusammensetzung aus dem griechischen Wort&nbsp;Photos&nbsp;f\u00fcr Licht und dem Namen des Physikers Alessandro&nbsp;Volta. Photovoltaik bezeichnet die direkte Umwandlung von Sonnenenergie in&hellip; mehr lesen<\/p>\n","protected":false},"author":1,"featured_media":0,"parent":104,"menu_order":0,"comment_status":"closed","ping_status":"closed","template":"","meta":{"_uag_custom_page_level_css":"","jetpack_post_was_ever_published":false,"footnotes":""},"class_list":["post-651","page","type-page","status-publish","hentry"],"uagb_featured_image_src":{"full":false,"thumbnail":false,"medium":false,"medium_large":false,"large":false,"1536x1536":false,"2048x2048":false,"custom":false,"post-thumbnail":false,"header":false,"slider":false,"columns":false,"sow-carousel-default":false},"uagb_author_info":{"display_name":"Hille","author_link":"http:\/\/grundschule-wichern.de\/?author=1"},"uagb_comment_info":0,"uagb_excerpt":"Auf dem Dach unserer Schule am Standort Wichern befindet sich eine Photovoltaik-Anlage. Was ist das \u00fcberhaupt?&nbsp;Photovoltaik (PV) ist die wohl umweltfreundlichste Art, Energie zu erzeugen. Das Wort Photovoltaik ist eine Zusammensetzung aus dem griechischen Wort&nbsp;Photos&nbsp;f\u00fcr Licht und dem Namen des Physikers Alessandro&nbsp;Volta. Photovoltaik bezeichnet die direkte Umwandlung von Sonnenenergie in&hellip; mehr lesen","jetpack_sharing_enabled":true,"jetpack_shortlink":"https:\/\/wp.me\/P9HPiT-av","_links":{"self":[{"href":"http:\/\/grundschule-wichern.de\/index.php?rest_route=\/wp\/v2\/pages\/651","targetHints":{"allow":["GET"]}}],"collection":[{"href":"http:\/\/grundschule-wichern.de\/index.php?rest_route=\/wp\/v2\/pages"}],"about":[{"href":"http:\/\/grundschule-wichern.de\/index.php?rest_route=\/wp\/v2\/types\/page"}],"author":[{"embeddable":true,"href":"http:\/\/grundschule-wichern.de\/index.php?rest_route=\/wp\/v2\/users\/1"}],"replies":[{"embeddable":true,"href":"http:\/\/grundschule-wichern.de\/index.php?rest_route=%2Fwp%2Fv2%2Fcomments&post=651"}],"version-history":[{"count":2,"href":"http:\/\/grundschule-wichern.de\/index.php?rest_route=\/wp\/v2\/pages\/651\/revisions"}],"predecessor-version":[{"id":653,"href":"http:\/\/grundschule-wichern.de\/index.php?rest_route=\/wp\/v2\/pages\/651\/revisions\/653"}],"up":[{"embeddable":true,"href":"http:\/\/grundschule-wichern.de\/index.php?rest_route=\/wp\/v2\/pages\/104"}],"wp:attachment":[{"href":"http:\/\/grundschule-wichern.de\/index.php?rest_route=%2Fwp%2Fv2%2Fmedia&parent=651"}],"curies":[{"name":"wp","href":"https:\/\/api.w.org\/{rel}","templated":true}]}}