{"id":631,"date":"2019-02-27T15:31:49","date_gmt":"2019-02-27T15:31:49","guid":{"rendered":"http:\/\/grundschule-wichern.de\/?page_id=631"},"modified":"2019-02-27T15:40:44","modified_gmt":"2019-02-27T15:40:44","slug":"mitgliedschaft-spenden","status":"publish","type":"page","link":"http:\/\/grundschule-wichern.de\/?page_id=631","title":{"rendered":"Mitgliedschaft &#038; Spenden"},"content":{"rendered":"\n<p>Die finanziellen Mittel der \u201e\u00f6ffentlichen Hand\u201c sind heute sehr begrenzt, um unsere W\u00fcnsche und Ziele zum Wohle und zur F\u00f6rderung der Sch\u00fcler\/innen zu verwirklichen. Deshalb sind wir auf Ihre Mithilfe angewiesen und freuen uns \u00fcber Ihre Mitgliedschaft im F\u00f6rderverein der Grundschule Lohe&nbsp;e.V. Es sind Ihre Kinder, die davon profitieren. Es st\u00e4rkt die Gemeinschaft und dient auch zur Kommunikation an unserer Schule.<\/p>\n\n\n\n<p>Die Beitrittserkl\u00e4rung kann <a title=\"Beitrittserkl\u00e4rung Lohe\" href=\"http:\/\/www.gsv-wichern-lohe.de\/joomla\/images\/download\/Beitrittserkl%C3%A4rung%20Lohe%20neu.pdf\" class=\"mtli_attachment mtli_pdf\" target=\"_blank\" rel=\"noopener noreferrer\">hier als PDF-Dokument<\/a> heruntergeladen werden.<br>Eventuell muss ein <a title=\"Adobe PDF Reader\" href=\"http:\/\/get.adobe.com\/de\/reader\/\">PDF-Reader<\/a> installiert werden.<br>Einfach ausdrucken, ausf\u00fcllen und im Schulb\u00fcro abgeben.<\/p>\n\n\n\n<p>Noch wichtig zu wissen:<br>Der Jahresfamilienbeitrag betr\u00e4gt zurzeit 6,- EUR. Ein h\u00f6herer freiwilliger Beitrag ist nach eigenem Ermessen m\u00f6glich. \u00c4nderungen des Mindestbeitrages und sonstige Informationen werden auf dieser Homepage und am Infobrett in der Schule bekanntgegeben. Einen Ausdruck der Satzung des Schulvereins stellt Ihnen der Vorstand auf Wunsch gern zur Verf\u00fcgung.<br>Selbstverst\u00e4ndlich freuen wir uns \u00fcber jede Spende in jeglicher H\u00f6he.&nbsp;Gerne stellen wir Ihnen auf Wunsch eine Spendenbescheinigung aus.<\/p>\n\n\n\n<p>Bankverbindung des F\u00f6rdervereins der Grundschule Lohe e. V.:<\/p>\n\n\n\n<p>Stadtsparkasse Bad Oeynhausen, BLZ 490 512 85<br>Aufgrund von Missbrauch nennen wir unsere Kontonummern hier nicht mehr. Bitte senden Sie uns eine kurze E-Mail an <em>foerderverein-lohe{at}t-online.de<\/em> und wir teilen Ihnen gerne unsere Kontonummern mit. Herzlichen Dank f\u00fcr Ihr Verst\u00e4ndnis.<\/p>\n\n\n\n<p>Folgende Unternehmen haben uns bei der&nbsp;Schulhof- und Pausenhallenrenovierung im Juni 2010 unterst\u00fctzt:<\/p>\n\n\n\n<ul class=\"wp-block-list\"><li>Firma Lohmann, Bad Oeynhausen <\/li><li>Firma Zero-Lack, Bad Oeynhausen<\/li><\/ul>\n\n\n\n<p>Folgende Unternehmen haben die T-Shirt-Aktion 2010&nbsp;f\u00fcr den Grundschulverbund Wichern-Lohe finanziell unterst\u00fctzt:<\/p>\n\n\n\n<ul class=\"wp-block-list\"><li>Anno Dom M\u00f6belmanufaktur, Alte Reichsstra\u00dfe 5, 32549 Bad Oeynhausen <\/li><li>Brinkmann Maschinenhandel &amp; Elektro-Service, Detmolder Str. 67, 32602 Vlotho <\/li><li>KaWi Fensterbau, An den M\u00fchlwiesen 27, 32547 Bad Oeynhausen <\/li><li>Sieker Rolladen, Hellerhagener Stra\u00dfe 12, 32545 Bad Oeynhausen <\/li><li>Volksbank Bad Oeynhausen-Herford<\/li><\/ul>\n\n\n\n<p>Folgende Unternehmen haben uns beim Schulaktionstag am 24.09.2011 unterst\u00fctzt:<\/p>\n\n\n\n<ul class=\"wp-block-list\"><li>Firma Hammer, L\u00f6hne (Wandfarbe, Holzlasur, Arbeitsmaterialien)<\/li><\/ul>\n\n\n\n<p>Folgende Unternehmen haben uns beim Walkingbus unterst\u00fctzt:<\/p>\n\n\n\n<ul class=\"wp-block-list\"><li>AOK, Bad Oeynhausen <\/li><li>Firma Gneuss, Bad Oeynhausen <\/li><li>Radladen, Bad Oeynhausen<\/li><\/ul>\n\n\n\n<p>Folgende Unternehmen haben uns bei der Anschaffung neuer Schulm\u00f6bel im Jahr 2012\/2013 unterst\u00fctzt:<\/p>\n\n\n\n<ul class=\"wp-block-list\"><li>Eggersmann Metallwaren GmbH &amp; Co KG <\/li><li>Blumen-Gestaltungsraum Floristik und mehr <\/li><li>Kunststoffensterbau Werner Pr\u00fc\u00dfmeier <\/li><li>Sieker Rolladen GmbH <\/li><li>Hermes Friseure <\/li><li>Pflegedienst Bigdon GmbH <\/li><li>Salon K\u00fcrpick <\/li><li>Torzentrum Rahlmeyer GmbH <\/li><li>W. Schildmeyer GmbH &amp; Co. KG <\/li><li>STS Schwei\u00dftechnik GmbH &amp; Co. KG <\/li><li>KSM  Metallverarbeitung GmbH &amp; Co. KG <\/li><li>esde Maschinentechnik GmbH <\/li><li>Praxis f\u00fcr Krankengymnastik und Massage <\/li><li>Gneu\u00df Kunststofftechnik GmbH <\/li><li>Stadtsparkasse Bad Oeynhausen<\/li><\/ul>\n\n\n\n<p>Dezember 2013 &#8211; Spende f\u00fcr die Anschaffung neuer Musikger\u00e4te f\u00fcr alle Klassen und einer Musikgro\u00dfanlage f\u00fcr die Turnhalle und Gro\u00dfveranstaltungen:<\/p>\n\n\n\n<ul class=\"wp-block-list\"><li>Firma MMV Leasing<\/li><\/ul>\n\n\n\n<p>Im Jahr 2014 konnten wir mit Unterst\u00fctzung unserer Eltern und Sch\u00fcler\/innen durch einen Sponsorenlauf und durch die Unterst\u00fctzung folgender Unternehmen unseren neuen Computerraum aufbauen und einrichten:<\/p>\n\n\n\n<ul class=\"wp-block-list\"><li> Eltern und Sch\u00fcler\/innen (Sponsorenlauf)  <\/li><li>Stadtsparkasse Bad Oeynhausen  <\/li><li>Herzzentrum Bad Oeynhausen  <\/li><li>Diamant Software Stiftung  <\/li><li>Westfalen Weser Energie<\/li><\/ul>\n\n\n\n<p>Folgende Unternehmen unterst\u00fctzen uns immer wieder bei diversen Veranstaltungen:<\/p>\n\n\n\n<ul><li>Fleischerei Timmerberg, Detmolder Str. 16, 32545 Bad Oeynhausen\n<li>Karlchen&#8217;s Backstube, Oeynhausener Str. 85, 32584 L\u00f6hne<\/li><\/li><\/ul>\n\n\n\n<p>Vielen Dank an alle Sponsoren!<\/p>\n","protected":false},"excerpt":{"rendered":"<p>Die finanziellen Mittel der \u201e\u00f6ffentlichen Hand\u201c sind heute sehr begrenzt, um unsere W\u00fcnsche und Ziele zum Wohle und zur F\u00f6rderung der Sch\u00fcler\/innen zu verwirklichen. Deshalb sind wir auf Ihre Mithilfe angewiesen und freuen uns \u00fcber Ihre Mitgliedschaft im F\u00f6rderverein der Grundschule Lohe&nbsp;e.V. Es sind Ihre Kinder, die davon profitieren. Es&hellip; mehr lesen<\/p>\n","protected":false},"author":1,"featured_media":0,"parent":611,"menu_order":0,"comment_status":"closed","ping_status":"closed","template":"","meta":{"_uag_custom_page_level_css":"","jetpack_post_was_ever_published":false,"footnotes":""},"class_list":["post-631","page","type-page","status-publish","hentry"],"uagb_featured_image_src":{"full":false,"thumbnail":false,"medium":false,"medium_large":false,"large":false,"1536x1536":false,"2048x2048":false,"custom":false,"post-thumbnail":false,"header":false,"slider":false,"columns":false,"sow-carousel-default":false},"uagb_author_info":{"display_name":"Hille","author_link":"http:\/\/grundschule-wichern.de\/?author=1"},"uagb_comment_info":0,"uagb_excerpt":"Die finanziellen Mittel der \u201e\u00f6ffentlichen Hand\u201c sind heute sehr begrenzt, um unsere W\u00fcnsche und Ziele zum Wohle und zur F\u00f6rderung der Sch\u00fcler\/innen zu verwirklichen. Deshalb sind wir auf Ihre Mithilfe angewiesen und freuen uns \u00fcber Ihre Mitgliedschaft im F\u00f6rderverein der Grundschule Lohe&nbsp;e.V. Es sind Ihre Kinder, die davon profitieren. Es&hellip; mehr lesen","jetpack_sharing_enabled":true,"jetpack_shortlink":"https:\/\/wp.me\/P9HPiT-ab","_links":{"self":[{"href":"http:\/\/grundschule-wichern.de\/index.php?rest_route=\/wp\/v2\/pages\/631","targetHints":{"allow":["GET"]}}],"collection":[{"href":"http:\/\/grundschule-wichern.de\/index.php?rest_route=\/wp\/v2\/pages"}],"about":[{"href":"http:\/\/grundschule-wichern.de\/index.php?rest_route=\/wp\/v2\/types\/page"}],"author":[{"embeddable":true,"href":"http:\/\/grundschule-wichern.de\/index.php?rest_route=\/wp\/v2\/users\/1"}],"replies":[{"embeddable":true,"href":"http:\/\/grundschule-wichern.de\/index.php?rest_route=%2Fwp%2Fv2%2Fcomments&post=631"}],"version-history":[{"count":6,"href":"http:\/\/grundschule-wichern.de\/index.php?rest_route=\/wp\/v2\/pages\/631\/revisions"}],"predecessor-version":[{"id":638,"href":"http:\/\/grundschule-wichern.de\/index.php?rest_route=\/wp\/v2\/pages\/631\/revisions\/638"}],"up":[{"embeddable":true,"href":"http:\/\/grundschule-wichern.de\/index.php?rest_route=\/wp\/v2\/pages\/611"}],"wp:attachment":[{"href":"http:\/\/grundschule-wichern.de\/index.php?rest_route=%2Fwp%2Fv2%2Fmedia&parent=631"}],"curies":[{"name":"wp","href":"https:\/\/api.w.org\/{rel}","templated":true}]}}