{"id":534,"date":"2018-10-16T13:52:41","date_gmt":"2018-10-16T13:52:41","guid":{"rendered":"http:\/\/grundschule-wichern.de\/?page_id=534"},"modified":"2024-04-12T07:01:08","modified_gmt":"2024-04-12T07:01:08","slug":"vorstand","status":"publish","type":"page","link":"http:\/\/grundschule-wichern.de\/?page_id=534","title":{"rendered":"Vorstand"},"content":{"rendered":"\n<p>Die Mitgliederversammlung hat den Vorstand des Schulvereins wie folgend best\u00e4tigt.<\/p>\n\n\n\n<div class=\"wp-block-columns has-2-columns is-layout-flex wp-container-core-columns-is-layout-9d6595d7 wp-block-columns-is-layout-flex\">\n<div class=\"wp-block-column is-layout-flow wp-block-column-is-layout-flow\">\n<p><strong>Vorsitzende<\/strong><\/p>\n\n\n\n<p>Frau Giesselmann<br>spriess{at}gmx.net<\/p>\n<\/div>\n\n\n\n<div class=\"wp-block-column is-layout-flow wp-block-column-is-layout-flow\">\n<p><strong>Stellvertr. Vorsitzende<\/strong><\/p>\n\n\n\n<p>Frau Uta-Brandt<br>heidi{at}obrandi.de<\/p>\n<\/div>\n<\/div>\n\n\n\n<p>Bitte {at} durch @ ersetzen<\/p>\n\n\n\n<p><strong>Schriftf\u00fchrerin<\/strong>: Anja Huck<\/p>\n\n\n\n<p><strong>Kassenwart<\/strong>: Herr Giesselmann<\/p>\n\n\n\n<p>&#8230; und nat\u00fcrlich die vielen weiteren Mitglieder aus Eltern- und Lehrerschaft, ohne die der Verein nicht existieren w\u00fcrde.<\/p>\n\n\n\n<p><\/p>\n","protected":false},"excerpt":{"rendered":"<p>Die Mitgliederversammlung hat den Vorstand des Schulvereins wie folgend best\u00e4tigt. Vorsitzende Frau Giesselmannspriess{at}gmx.net Stellvertr. Vorsitzende Frau Uta-Brandtheidi{at}obrandi.de Bitte {at} durch @ ersetzen Schriftf\u00fchrerin: Anja Huck Kassenwart: Herr Giesselmann &#8230; und nat\u00fcrlich die vielen weiteren Mitglieder aus Eltern- und Lehrerschaft, ohne die der Verein nicht existieren w\u00fcrde. mehr lesen<\/p>\n","protected":false},"author":1,"featured_media":0,"parent":0,"menu_order":0,"comment_status":"closed","ping_status":"closed","template":"","meta":{"_uag_custom_page_level_css":"","jetpack_post_was_ever_published":false,"footnotes":""},"class_list":["post-534","page","type-page","status-publish","hentry"],"uagb_featured_image_src":{"full":false,"thumbnail":false,"medium":false,"medium_large":false,"large":false,"1536x1536":false,"2048x2048":false,"custom":false,"post-thumbnail":false,"header":false,"slider":false,"columns":false,"sow-carousel-default":false},"uagb_author_info":{"display_name":"Hille","author_link":"http:\/\/grundschule-wichern.de\/?author=1"},"uagb_comment_info":0,"uagb_excerpt":"Die Mitgliederversammlung hat den Vorstand des Schulvereins wie folgend best\u00e4tigt. Vorsitzende Frau Giesselmannspriess{at}gmx.net Stellvertr. Vorsitzende Frau Uta-Brandtheidi{at}obrandi.de Bitte {at} durch @ ersetzen Schriftf\u00fchrerin: Anja Huck Kassenwart: Herr Giesselmann &#8230; und nat\u00fcrlich die vielen weiteren Mitglieder aus Eltern- und Lehrerschaft, ohne die der Verein nicht existieren w\u00fcrde. mehr lesen","jetpack_sharing_enabled":true,"jetpack_shortlink":"https:\/\/wp.me\/P9HPiT-8C","_links":{"self":[{"href":"http:\/\/grundschule-wichern.de\/index.php?rest_route=\/wp\/v2\/pages\/534","targetHints":{"allow":["GET"]}}],"collection":[{"href":"http:\/\/grundschule-wichern.de\/index.php?rest_route=\/wp\/v2\/pages"}],"about":[{"href":"http:\/\/grundschule-wichern.de\/index.php?rest_route=\/wp\/v2\/types\/page"}],"author":[{"embeddable":true,"href":"http:\/\/grundschule-wichern.de\/index.php?rest_route=\/wp\/v2\/users\/1"}],"replies":[{"embeddable":true,"href":"http:\/\/grundschule-wichern.de\/index.php?rest_route=%2Fwp%2Fv2%2Fcomments&post=534"}],"version-history":[{"count":4,"href":"http:\/\/grundschule-wichern.de\/index.php?rest_route=\/wp\/v2\/pages\/534\/revisions"}],"predecessor-version":[{"id":2202,"href":"http:\/\/grundschule-wichern.de\/index.php?rest_route=\/wp\/v2\/pages\/534\/revisions\/2202"}],"wp:attachment":[{"href":"http:\/\/grundschule-wichern.de\/index.php?rest_route=%2Fwp%2Fv2%2Fmedia&parent=534"}],"curies":[{"name":"wp","href":"https:\/\/api.w.org\/{rel}","templated":true}]}}