{"id":531,"date":"2018-10-16T13:43:04","date_gmt":"2018-10-16T13:43:04","guid":{"rendered":"http:\/\/grundschule-wichern.de\/?page_id=531"},"modified":"2018-10-16T13:43:04","modified_gmt":"2018-10-16T13:43:04","slug":"mitgliedschaft-spenden","status":"publish","type":"page","link":"http:\/\/grundschule-wichern.de\/?page_id=531","title":{"rendered":"Mitgliedschaft &#038; Spenden"},"content":{"rendered":"\n<p>Die finanziellen Mittel der \u201e\u00f6ffentlichen Hand\u201c sind heute sehr begrenzt, um unsere W\u00fcnsche und Ziele zum Wohle und zur F\u00f6rderung der Sch\u00fcler\/innen zu verwirklichen. Deshalb sind wir auf Ihre Mithilfe angewiesen und freuen uns \u00fcber Ihre Mitgliedschaft im Schulverein der Wichern-Grundschule e.V. Es sind Ihre Kinder, die davon profitieren. Es st\u00e4rkt die Gemeinschaft und dient auch zur Kommunikation an unserer Schule.<\/p>\n\n\n\n<p>Die Beitrittserkl\u00e4rung kann\u00a0<a href=\"http:\/\/www.gsv-wichern-lohe.de\/joomla\/images\/download\/Beitrittserkl%C3%A4rung-Schulverein-2017.pdf\" class=\"mtli_attachment mtli_pdf\" target=\"_blank\" rel=\"noreferrer noopener\">hier als Dokument<\/a>\u00a0heruntergeladen werden.<br\/>Eventuell\u00a0muss ein\u00a0<a href=\"http:\/\/get.adobe.com\/de\/reader\/\">PDF-Reader<\/a>\u00a0installiert werden.<br\/>Einfach ausdrucken, ausf\u00fcllen und im Schulb\u00fcro abgeben.<br\/><br\/>Noch wichtig zu wissen:<br\/>Die Mitgliedschaft erlischt automatisch, wenn Sie kein Kind mehr an der Wichern-Grundschule haben. Sie k\u00f6nnen dar\u00fcberhinaus aber auch gern Mitglied bleiben! Bitte im Antrag Entsprechendes ankreuzen. Der Jahresfamilienbeitrag betr\u00e4gt zur Zeit 12,- EUR. Ein h\u00f6herer freiwilliger Beitrag ist nach eigenem Ermessen m\u00f6glich. \u00c4nderungen des Mindestbeitrages (aufgrund von Vorstandsbeschluss) und sonstige Informationen werden auf dieser Homepage und am Infobrett in der Schule bekanntgegeben. Einen Ausdruck der Satzung des Schulvereins stellt Ihnen der Vorstand auf Wunsch gern zur Verf\u00fcgung.<\/p>\n\n\n\n<p>Selbstverst\u00e4ndlich freuen wir uns \u00fcber jede Spende in jeglicher H\u00f6he. Gern stellen wir Ihnen auf Wunsch eine Spendenbescheinigung aus.\u00a0<br\/><br\/>Bankverbindungen des Schulvereins der Wichern-Grundschule e. V.:<\/p>\n\n\n\n<ul class=\"wp-block-list\"><li>IBAN: DE33 4905 1285 0008 3011 03 bei der Stadtsparkasse Bad Oeynhausen<\/li><li>IBAN: DE49 4949 0070 7501 2807 40 bei der Volksbank Bad Oeynhausen-Herford<\/li><\/ul>\n\n\n\n<p>Folgende Unternehmen haben uns beim Schulaktionstag am 08.05.2010 unterst\u00fctzt:<\/p>\n\n\n\n<ul class=\"wp-block-list\"><li>G\u00e4rtnerei Schl\u00fcter, Hermann-L\u00f6ns-Str. 88, 32547 Bad Oeynhausen (Pflanzen)<\/li><li>Maler Frank G\u00f6rlitz, Amtshausberger Weg 6, 32547 Bad Oeynhausen (Wandfarbe)<\/li><\/ul>\n\n\n\n<p>Folgende Unternehmen haben die T-Shirt-Aktion 2010\u00a0f\u00fcr den Grundschulverbund Wichern-Lohe finanziell unterst\u00fctzt:<\/p>\n\n\n\n<ul class=\"wp-block-list\"><li>Anno Dom M\u00f6belmanufaktur, Alte Reichsstra\u00dfe 5, 32549 Bad Oeynhausen<\/li><li>\nBrinkmann Maschinenhandel &amp; Elektro-Service, Detmolder Str. 67, 32602 Vlotho<\/li><li>\nKaWi Fensterbau, An den M\u00fchlwiesen 27, 32547 Bad Oeynhausen<\/li><li>\nSieker Rolladen, Hellerhagener Stra\u00dfe 12, 32545 Bad Oeynhausen<\/li><li>\nVolksbank Bad Oeynhausen-Herford<\/li><\/ul>\n\n\n\n<p>Folgende Unternehmen haben uns beim Schulaktionstag am 24.09.2011 unterst\u00fctzt:<\/p>\n\n\n\n<ul class=\"wp-block-list\"><li>Hammer Fachmarkt, Albert-Schweitzer-Str. 37, 32584 L\u00f6hne (Wandfarbe, Arbeitsmaterialien)<\/li><\/ul>\n\n\n\n<p>Folgende Unternehmen haben den Aufbau des Spielehauses im August 2012 unterst\u00fctzt:<\/p>\n\n\n\n<ul class=\"wp-block-list\"><li>Gr\u00fcbbel GmbH, Hinterm Schlo\u00df 3, 32549 Bad Oeynhausen<\/li><li>Kirchner Gartenh\u00e4user, Tonstr. 4, 32549 Bad Oeynhausen<\/li><\/ul>\n\n\n\n<p>Folgende Unternehmen haben uns beim Schulversch\u00f6nerungstag am 23.06.2014 unterst\u00fctzt:<\/p>\n\n\n\n<ul class=\"wp-block-list\"><li>Buschjost GmbH, Detmolder Str. 256, 32545 Bad Oeynhausen<\/li><li>Zero-Lack GmbH &amp; Co. KG, Bleichstr. 57 &#8211; 58, 32545 Bad Oeynhausen<\/li><\/ul>\n\n\n\n<p>Folgende Unternehmen unterst\u00fctzen uns immer wieder bei diversen Veranstaltungen:<\/p>\n\n\n\n<ul class=\"wp-block-list\"><li>Fleischerei Timmerberg, Detmolder Str. 16, 32545 Bad Oeynhausen<\/li><li>Karlchen&#8217;s Backstube, Oeynhausener Str. 85, 32584 L\u00f6hne<\/li><\/ul>\n\n\n\n<p>Vielen Dank an alle Sponsoren!<\/p>\n","protected":false},"excerpt":{"rendered":"<p>Die finanziellen Mittel der \u201e\u00f6ffentlichen Hand\u201c sind heute sehr begrenzt, um unsere W\u00fcnsche und Ziele zum Wohle und zur F\u00f6rderung der Sch\u00fcler\/innen zu verwirklichen. Deshalb sind wir auf Ihre Mithilfe angewiesen und freuen uns \u00fcber Ihre Mitgliedschaft im Schulverein der Wichern-Grundschule e.V. Es sind Ihre Kinder, die davon profitieren. Es&hellip; mehr lesen<\/p>\n","protected":false},"author":1,"featured_media":0,"parent":0,"menu_order":0,"comment_status":"closed","ping_status":"closed","template":"","meta":{"_uag_custom_page_level_css":"","jetpack_post_was_ever_published":false,"footnotes":""},"class_list":["post-531","page","type-page","status-publish","hentry"],"uagb_featured_image_src":{"full":false,"thumbnail":false,"medium":false,"medium_large":false,"large":false,"1536x1536":false,"2048x2048":false,"custom":false,"post-thumbnail":false,"header":false,"slider":false,"columns":false,"sow-carousel-default":false},"uagb_author_info":{"display_name":"Hille","author_link":"http:\/\/grundschule-wichern.de\/?author=1"},"uagb_comment_info":0,"uagb_excerpt":"Die finanziellen Mittel der \u201e\u00f6ffentlichen Hand\u201c sind heute sehr begrenzt, um unsere W\u00fcnsche und Ziele zum Wohle und zur F\u00f6rderung der Sch\u00fcler\/innen zu verwirklichen. Deshalb sind wir auf Ihre Mithilfe angewiesen und freuen uns \u00fcber Ihre Mitgliedschaft im Schulverein der Wichern-Grundschule e.V. Es sind Ihre Kinder, die davon profitieren. Es&hellip; mehr lesen","jetpack_sharing_enabled":true,"jetpack_shortlink":"https:\/\/wp.me\/P9HPiT-8z","_links":{"self":[{"href":"http:\/\/grundschule-wichern.de\/index.php?rest_route=\/wp\/v2\/pages\/531","targetHints":{"allow":["GET"]}}],"collection":[{"href":"http:\/\/grundschule-wichern.de\/index.php?rest_route=\/wp\/v2\/pages"}],"about":[{"href":"http:\/\/grundschule-wichern.de\/index.php?rest_route=\/wp\/v2\/types\/page"}],"author":[{"embeddable":true,"href":"http:\/\/grundschule-wichern.de\/index.php?rest_route=\/wp\/v2\/users\/1"}],"replies":[{"embeddable":true,"href":"http:\/\/grundschule-wichern.de\/index.php?rest_route=%2Fwp%2Fv2%2Fcomments&post=531"}],"version-history":[{"count":1,"href":"http:\/\/grundschule-wichern.de\/index.php?rest_route=\/wp\/v2\/pages\/531\/revisions"}],"predecessor-version":[{"id":532,"href":"http:\/\/grundschule-wichern.de\/index.php?rest_route=\/wp\/v2\/pages\/531\/revisions\/532"}],"wp:attachment":[{"href":"http:\/\/grundschule-wichern.de\/index.php?rest_route=%2Fwp%2Fv2%2Fmedia&parent=531"}],"curies":[{"name":"wp","href":"https:\/\/api.w.org\/{rel}","templated":true}]}}