{"id":526,"date":"2018-10-16T13:24:52","date_gmt":"2018-10-16T13:24:52","guid":{"rendered":"http:\/\/grundschule-wichern.de\/?page_id=526"},"modified":"2018-10-16T13:24:52","modified_gmt":"2018-10-16T13:24:52","slug":"aufgaben-des-schulvereins","status":"publish","type":"page","link":"http:\/\/grundschule-wichern.de\/?page_id=526","title":{"rendered":"Aufgaben des Schulvereins"},"content":{"rendered":"\n<p>Der Schulverein tr\u00e4gt dazu bei, die Ausstattung der Schule zu verbessern, z. B.<\/p>\n\n\n\n<ul class=\"wp-block-list\"><li>mit Materialien f\u00fcr Klassen, Schulb\u00fccherei und Werkraum<\/li><li>mit Anschaffungen f\u00fcr den Betreuungsbereich<\/li><li>mit neuen Spielger\u00e4ten f\u00fcr den Schulhof<\/li><\/ul>\n\n\n\n<p>\u00a0Au\u00dferdem werden Elternaktionen durchgef\u00fchrt und mitfinanziert, z. B.<\/p>\n\n\n\n<ul class=\"wp-block-list\"><li>Versch\u00f6nerung und Pflege des Schulhofes und des Schulgartens<\/li><li>Gestaltung und Versch\u00f6nerung von Klassen- und Betreuungsr\u00e4umen<\/li><li>kleinere Reparatur- und Instandhaltungsarbeiten<\/li><\/ul>\n\n\n\n<p>Der Schulverein k\u00fcmmert sich mit um die Organisation und Durchf\u00fchrung von Schulveranstaltungen, z. B.<\/p>\n\n\n\n<ul class=\"wp-block-list\"><li>Laternen- und Schulfest<\/li><li>Spiele- und B\u00fccherflohmarkt<\/li><li>Einschulungsfeier<\/li><li>Sponsorenlauf<\/li><li>Verkauf von Schul-T-Shirts und -Hoodies<\/li><\/ul>\n\n\n\n<p>In Zeiten knapper \u00f6ffentlicher Kassen k\u00f6nnen wir also Dinge realisieren, die unseren Sch\u00fclerinnen und Sch\u00fclern zus\u00e4tzlich zu Gute kommen. Daf\u00fcr ist auch Ihre Mithilfe erforderlich, da wir uns neben Spenden und Sponsoren aus den Beitr\u00e4gen unserer Mitglieder finanzieren.<\/p>\n\n\n\n<p>Au\u00dferdem freuen wir uns nat\u00fcrlich \u00fcber jegliche aktive pers\u00f6nliche Unterst\u00fctzung, damit o. g. Aktivit\u00e4ten erm\u00f6glicht werden k\u00f6nnen!<\/p>\n","protected":false},"excerpt":{"rendered":"<p>Der Schulverein tr\u00e4gt dazu bei, die Ausstattung der Schule zu verbessern, z. B. mit Materialien f\u00fcr Klassen, Schulb\u00fccherei und Werkraum mit Anschaffungen f\u00fcr den Betreuungsbereich mit neuen Spielger\u00e4ten f\u00fcr den Schulhof \u00a0Au\u00dferdem werden Elternaktionen durchgef\u00fchrt und mitfinanziert, z. B. Versch\u00f6nerung und Pflege des Schulhofes und des Schulgartens Gestaltung und Versch\u00f6nerung&hellip; mehr lesen<\/p>\n","protected":false},"author":1,"featured_media":0,"parent":0,"menu_order":0,"comment_status":"closed","ping_status":"closed","template":"","meta":{"_uag_custom_page_level_css":"","jetpack_post_was_ever_published":false,"footnotes":""},"class_list":["post-526","page","type-page","status-publish","hentry"],"uagb_featured_image_src":{"full":false,"thumbnail":false,"medium":false,"medium_large":false,"large":false,"1536x1536":false,"2048x2048":false,"custom":false,"post-thumbnail":false,"header":false,"slider":false,"columns":false,"sow-carousel-default":false},"uagb_author_info":{"display_name":"Hille","author_link":"http:\/\/grundschule-wichern.de\/?author=1"},"uagb_comment_info":0,"uagb_excerpt":"Der Schulverein tr\u00e4gt dazu bei, die Ausstattung der Schule zu verbessern, z. B. mit Materialien f\u00fcr Klassen, Schulb\u00fccherei und Werkraum mit Anschaffungen f\u00fcr den Betreuungsbereich mit neuen Spielger\u00e4ten f\u00fcr den Schulhof \u00a0Au\u00dferdem werden Elternaktionen durchgef\u00fchrt und mitfinanziert, z. B. Versch\u00f6nerung und Pflege des Schulhofes und des Schulgartens Gestaltung und Versch\u00f6nerung&hellip; mehr lesen","jetpack_sharing_enabled":true,"jetpack_shortlink":"https:\/\/wp.me\/P9HPiT-8u","_links":{"self":[{"href":"http:\/\/grundschule-wichern.de\/index.php?rest_route=\/wp\/v2\/pages\/526","targetHints":{"allow":["GET"]}}],"collection":[{"href":"http:\/\/grundschule-wichern.de\/index.php?rest_route=\/wp\/v2\/pages"}],"about":[{"href":"http:\/\/grundschule-wichern.de\/index.php?rest_route=\/wp\/v2\/types\/page"}],"author":[{"embeddable":true,"href":"http:\/\/grundschule-wichern.de\/index.php?rest_route=\/wp\/v2\/users\/1"}],"replies":[{"embeddable":true,"href":"http:\/\/grundschule-wichern.de\/index.php?rest_route=%2Fwp%2Fv2%2Fcomments&post=526"}],"version-history":[{"count":1,"href":"http:\/\/grundschule-wichern.de\/index.php?rest_route=\/wp\/v2\/pages\/526\/revisions"}],"predecessor-version":[{"id":527,"href":"http:\/\/grundschule-wichern.de\/index.php?rest_route=\/wp\/v2\/pages\/526\/revisions\/527"}],"wp:attachment":[{"href":"http:\/\/grundschule-wichern.de\/index.php?rest_route=%2Fwp%2Fv2%2Fmedia&parent=526"}],"curies":[{"name":"wp","href":"https:\/\/api.w.org\/{rel}","templated":true}]}}