{"id":404,"date":"2018-08-26T19:14:54","date_gmt":"2018-08-26T19:14:54","guid":{"rendered":"http:\/\/grundschule-wichern.de\/?page_id=404"},"modified":"2018-08-26T19:14:54","modified_gmt":"2018-08-26T19:14:54","slug":"erziehungsvereinbarungen","status":"publish","type":"page","link":"http:\/\/grundschule-wichern.de\/?page_id=404","title":{"rendered":"Erziehungsvereinbarungen"},"content":{"rendered":"\n<p><strong>Wir, die Kinder<\/strong> verpflichten uns,<\/p>\n\n\n<ul>\n<li>t\u00e4glich p\u00fcnktlich und ausgeschlafen zur Schule zu kommen<\/li>\n<li>unsere Schul- und Klassenregeln einzuhalten<\/li>\n<li>unsere Aufgaben ordentlich und zuverl\u00e4ssig zu erledigen<\/li>\n<li>im Unterricht leise zu sein, damit alle in Ruhe arbeiten k\u00f6nnen<\/li>\n<li>mit unseren Materialien, den Sachen anderer und mit Eigentum der Schule behutsam umzugehen<\/li>\n<li>im Umgang miteinander ehrlich, hilfsbereit und r\u00fccksichtsvoll zu sein und andere zu respektieren<\/li>\n<li>niemanden zu beleidigen, auszulachen oder zu h\u00e4nseln<\/li>\n<li>bei Auseinandersetzungen fair miteinander umzugehen und miteinander zu reden<\/li>\n<li>uns nicht zu beschimpfen und keine Gewalt anzuwenden<\/li>\n<li>bei der Planung von Feiern, Ausfl\u00fcgen und anderen Unternehmungen aktiv mitzuarbeiten<\/li>\n<li>unser Schulgel\u00e4nde, unseren Klassenraum, die Betreuungsr\u00e4ume, die Flure und die Toiletten den ganzen Tag \u00fcber sauber zu halten<\/li>\n<li>auch im Schulalltag mit Material sparsam umzugehen, um unsere Umwelt zu schonen<\/li>\n<li>w\u00e4hrend der Unterrichts- und Betreuungszeiten das Schulgel\u00e4nde nicht zu verlassen und uns gegebenenfalls aus der Betreuung abzumelden<\/li>\n<\/ul>\n\n\n<p><strong>Wir, die Lehrer und Erzieher<\/strong> verpflichten uns,<\/p>\n\n\n\n<ul class=\"wp-block-list\"><li>respektvoll, h\u00f6flich und mit Wertsch\u00e4tzung miteinander und mit den uns anvertrauten Kindern umzugehen <\/li><li>bei unentschuldigtem Fehlen bei den Eltern nachzufragen <\/li><li>den Unterricht p\u00fcnktlich beginnen und enden zu lassen <\/li><li>den Unterricht gem\u00e4\u00df den Vorgaben der Lehrpl\u00e4ne inhaltlich gut vorzubereiten und ansprechend und sinnvoll zu gestalten <\/li><li>eine angenehme und ansprechende Lernatmosph\u00e4re zu schaffen <\/li><li>sinnvolle Hausaufgaben zu geben, die die Kinder in individuell angemessener Zeit erledigen k\u00f6nnen <\/li><li>bei Schwierigkeiten das Gespr\u00e4ch mit allen Beteiligten zu suchen und gegebenenfalls au\u00dferschulische Hilfen zu vermitteln <\/li><li>auf Informationsfluss zwischen Schule und Elternhaus zu achten <\/li><li>den Kindern einen gewaltfreien und respektvollen Umgang miteinander zu vermitteln und Konfliktl\u00f6sungen zu finden <\/li><li>Hilfsbereitschaft und soziales Verhalten zu f\u00f6rdern und zu vermitteln <\/li><li>die Kinder beim selbst\u00e4ndigen Lernen zu unterst\u00fctzen <\/li><li>den Kindern einen verantwortungsbewussten Umgang mit der Natur zu vermitteln <\/li><li>uns bei der Organisation von klasseninternen Veranstaltungen sowie dem Schulleben zu engagieren<\/li><\/ul>\n\n\n\n<p><strong>Wir, die Eltern<\/strong> verpflichten uns,<\/p>\n\n\n\n<ul class=\"wp-block-list\"><li>unsere Kinder p\u00fcnktlich und ausgeschlafen zur Schule zu schicken <\/li><li>unseren Kindern ein gesundes und ausgewogenes Fr\u00fchst\u00fcck mitzugeben <\/li><li>unsere Kinder zum Verzicht auf k\u00f6rperliche, sprachliche und psychische Gewalt anzuhalten <\/li><li>unsere Kinder zur Ordnung anzuhalten und sie darin zu unterst\u00fctzen, selbst auf die Vollst\u00e4ndigkeit und den guten Zustand der Arbeitsmaterialien zu achten <\/li><li>darauf zu achten, dass unsere Kinder dem Wetter angemessene Kleidung tragen <\/li><li>unsere Kinder bei Fehlen vor Unterrichtsbeginn zu entschuldigen <\/li><li>unseren Kindern die M\u00f6glichkeit zu geben, selbst\u00e4ndig und in Ruhe zu lernen <\/li><li>unseren Kindern die Teilnahme an allen schulischen Veranstaltungen zu erm\u00f6glichen <\/li><li>Kontakt zu den Lehrern zu halten, die Veranstaltungen der Schule zu besuchen und uns aktiv in das schulische Leben einzubringen <\/li><li>Interesse an dem zu zeigen, was unsere Kinder in der Schule erleben, nachzufragen, zu loben und unsere Kinder bei Schwierigkeiten zu ermutigen <\/li><li>bei Fehlverhalten unserer Kinder gemeinsam mit der Schule L\u00f6sungen zu finden <\/li><li>unsere Kinder zu umweltbewusstem Verhalten anzuleiten <\/li><li>unseren Kindern Vorbilder zu sein und mit ihnen die Schulregeln zu besprechen<\/li><\/ul>\n","protected":false},"excerpt":{"rendered":"<p>Wir, die Kinder verpflichten uns, t\u00e4glich p\u00fcnktlich und ausgeschlafen zur Schule zu kommen unsere Schul- und Klassenregeln einzuhalten unsere Aufgaben ordentlich und zuverl\u00e4ssig zu erledigen im Unterricht leise zu sein, damit alle in Ruhe arbeiten k\u00f6nnen mit unseren Materialien, den Sachen anderer und mit Eigentum der Schule behutsam umzugehen im&hellip; mehr lesen<\/p>\n","protected":false},"author":1,"featured_media":0,"parent":0,"menu_order":0,"comment_status":"closed","ping_status":"closed","template":"","meta":{"_uag_custom_page_level_css":"","jetpack_post_was_ever_published":false,"footnotes":""},"class_list":["post-404","page","type-page","status-publish","hentry"],"uagb_featured_image_src":{"full":false,"thumbnail":false,"medium":false,"medium_large":false,"large":false,"1536x1536":false,"2048x2048":false,"custom":false,"post-thumbnail":false,"header":false,"slider":false,"columns":false,"sow-carousel-default":false},"uagb_author_info":{"display_name":"Hille","author_link":"http:\/\/grundschule-wichern.de\/?author=1"},"uagb_comment_info":0,"uagb_excerpt":"Wir, die Kinder verpflichten uns, t\u00e4glich p\u00fcnktlich und ausgeschlafen zur Schule zu kommen unsere Schul- und Klassenregeln einzuhalten unsere Aufgaben ordentlich und zuverl\u00e4ssig zu erledigen im Unterricht leise zu sein, damit alle in Ruhe arbeiten k\u00f6nnen mit unseren Materialien, den Sachen anderer und mit Eigentum der Schule behutsam umzugehen im&hellip; mehr lesen","jetpack_sharing_enabled":true,"jetpack_shortlink":"https:\/\/wp.me\/P9HPiT-6w","_links":{"self":[{"href":"http:\/\/grundschule-wichern.de\/index.php?rest_route=\/wp\/v2\/pages\/404","targetHints":{"allow":["GET"]}}],"collection":[{"href":"http:\/\/grundschule-wichern.de\/index.php?rest_route=\/wp\/v2\/pages"}],"about":[{"href":"http:\/\/grundschule-wichern.de\/index.php?rest_route=\/wp\/v2\/types\/page"}],"author":[{"embeddable":true,"href":"http:\/\/grundschule-wichern.de\/index.php?rest_route=\/wp\/v2\/users\/1"}],"replies":[{"embeddable":true,"href":"http:\/\/grundschule-wichern.de\/index.php?rest_route=%2Fwp%2Fv2%2Fcomments&post=404"}],"version-history":[{"count":1,"href":"http:\/\/grundschule-wichern.de\/index.php?rest_route=\/wp\/v2\/pages\/404\/revisions"}],"predecessor-version":[{"id":405,"href":"http:\/\/grundschule-wichern.de\/index.php?rest_route=\/wp\/v2\/pages\/404\/revisions\/405"}],"wp:attachment":[{"href":"http:\/\/grundschule-wichern.de\/index.php?rest_route=%2Fwp%2Fv2%2Fmedia&parent=404"}],"curies":[{"name":"wp","href":"https:\/\/api.w.org\/{rel}","templated":true}]}}